{"id":725,"date":"2023-08-26T10:52:10","date_gmt":"2023-08-26T09:52:10","guid":{"rendered":"http:\/\/neostudio.be\/?page_id=725"},"modified":"2023-08-26T10:52:11","modified_gmt":"2023-08-26T09:52:11","slug":"live_stream_studio_virtuel_evenements_streaming","status":"publish","type":"page","link":"http:\/\/neostudio.be\/?page_id=725","title":{"rendered":"Live streaming production"},"content":{"rendered":"\n<figure class=\"wp-block-table\"><table><tbody><tr><td>live streaming production<\/td><\/tr><\/tbody><\/table><\/figure>\n\n\n<p><a href=\"https:\/\/neostudio.be\/?page_id=359\">NEO PRODUCTION MOVIE<\/a><br \/><a href=\"http:\/\/neostudio.be\/\">NEOSTUDIO FOND VERT\u00a0 GREEN KEY<\/a><br \/><a href=\"http:\/\/neostudio.be\/?page_id=725\">NEO\u00a0 LIVE AND STREAMING<\/a><\/p>\n<p><a href=\"tel:+32476330297\">CALL+32476330297<\/a><\/p>\n<p>De la cr\u00e9ation de votre contenu \u00e0 la diffusion en direct \u00abNeostudio\u00bb\u00a0 est l\u00e0 pour vous accompagner \u00e0 chaque \u00e9tape de votre \u00e9v\u00e9nement digital pour le rendre captivant, interactifs et parfaitement <strong>adapt\u00e9 \u00e0 vos objectifs de communication.\u00a0 \u00a0<\/strong><\/p>\n<p>No productions sont en\u00a0 <b>Multi camera<\/b> et diffusable\u00a0 sur toutes plateformes <strong>(Facebook , google live, Twitch , \u2026)<\/strong> et accepte tout interactions ( Zoom,Skype,Teams,&#8230; )<\/p>\n<p><iframe loading=\"lazy\" title=\"Streaming virtual studio Green key fond vert Live Bruxelles  Webinaire Event digital captation\" width=\"474\" height=\"267\" src=\"https:\/\/www.youtube.com\/embed\/puke3KHV87w?feature=oembed\" frameborder=\"0\" allow=\"accelerometer; autoplay; clipboard-write; encrypted-media; gyroscope; picture-in-picture; web-share\" referrerpolicy=\"strict-origin-when-cross-origin\" allowfullscreen><\/iframe><\/p>\n<p><strong>Studio Virtuel<\/strong><\/p>\n<p>Nos Live streaming\u00a0 configurable\u00a0 en<strong> Studio virtuel <\/strong>On\u00a0 s&rsquo;adapte\u00a0 ainsi \u00e0\u00a0 votre <strong>charte graphique\u00a0 \u00a0<\/strong>pour une communication claire et maitris\u00e9. .\u00a0 \u00a0Cette technologie \u00ab \u00e9cran vert \u00bb utilis\u00e9 par les grandes cha\u00eenes de t\u00e9l\u00e9vision.<\/p>\n<p>Pour tout d\u00e9tails ou <strong>devis rapide\u00a0<\/strong> nous contacter : <a href=\"tel:+32476330297\">CALL +32476330297<\/a><\/p>","protected":false},"excerpt":{"rendered":"<p>live streaming production NEO PRODUCTION MOVIENEOSTUDIO FOND VERT\u00a0 GREEN KEYNEO\u00a0 LIVE AND STREAMING CALL+32476330297 De la cr\u00e9ation de votre contenu \u00e0 la diffusion en direct \u00abNeostudio\u00bb\u00a0 est l\u00e0 pour vous accompagner \u00e0 chaque \u00e9tape de votre \u00e9v\u00e9nement digital pour le rendre captivant, interactifs et parfaitement adapt\u00e9 \u00e0 vos objectifs de communication.\u00a0 \u00a0 No productions sont &hellip; <a href=\"http:\/\/neostudio.be\/?page_id=725\" class=\"more-link\">Continuer la lecture de <span class=\"screen-reader-text\">Live streaming production<\/span>  <span class=\"meta-nav\">&rarr;<\/span><\/a><\/p>\n","protected":false},"author":1,"featured_media":1221,"parent":0,"menu_order":0,"comment_status":"closed","ping_status":"closed","template":"","meta":{"footnotes":""},"class_list":["post-725","page","type-page","status-publish","has-post-thumbnail","hentry"],"yoast_head":"<!-- This site is optimized with the Yoast SEO plugin v26.9 - https:\/\/yoast.com\/product\/yoast-seo-wordpress\/ -->\n<title>Live streaming production - NeoStudio.be<\/title>\n<meta name=\"description\" content=\"captation streaming live studio virtuel multi-cam\" \/>\n<meta name=\"robots\" content=\"index, follow, max-snippet:-1, max-image-preview:large, max-video-preview:-1\" \/>\n<link rel=\"canonical\" href=\"http:\/\/neostudio.be\/?page_id=725\" \/>\n<meta property=\"og:locale\" content=\"fr_FR\" \/>\n<meta property=\"og:type\" content=\"article\" \/>\n<meta property=\"og:title\" content=\"Live streaming production - NeoStudio.be\" \/>\n<meta property=\"og:description\" content=\"captation streaming live studio virtuel multi-cam\" \/>\n<meta property=\"og:url\" content=\"http:\/\/neostudio.be\/?page_id=725\" \/>\n<meta property=\"og:site_name\" content=\"NeoStudio.be\" \/>\n<meta property=\"article:publisher\" content=\"https:\/\/www.facebook.com\/NeoStudioBxl\/\" \/>\n<meta property=\"article:modified_time\" content=\"2023-08-26T09:52:11+00:00\" \/>\n<meta property=\"og:image\" content=\"http:\/\/neostudio.be\/wp-content\/uploads\/2023\/08\/neoPic4.jpg\" \/>\n\t<meta property=\"og:image:width\" content=\"1280\" \/>\n\t<meta property=\"og:image:height\" content=\"720\" \/>\n\t<meta property=\"og:image:type\" content=\"image\/jpeg\" \/>\n<meta name=\"twitter:label1\" content=\"Dur\u00e9e de lecture estim\u00e9e\" \/>\n\t<meta name=\"twitter:data1\" content=\"1 minute\" \/>\n<script type=\"application\/ld+json\" class=\"yoast-schema-graph\">{\"@context\":\"https:\/\/schema.org\",\"@graph\":[{\"@type\":\"WebPage\",\"@id\":\"http:\/\/neostudio.be\/?page_id=725\",\"url\":\"http:\/\/neostudio.be\/?page_id=725\",\"name\":\"Live streaming production - NeoStudio.be\",\"isPartOf\":{\"@id\":\"http:\/\/neostudio.be\/#website\"},\"primaryImageOfPage\":{\"@id\":\"http:\/\/neostudio.be\/?page_id=725#primaryimage\"},\"image\":{\"@id\":\"http:\/\/neostudio.be\/?page_id=725#primaryimage\"},\"thumbnailUrl\":\"http:\/\/neostudio.be\/wp-content\/uploads\/2023\/08\/neoPic4.jpg\",\"datePublished\":\"2023-08-26T09:52:10+00:00\",\"dateModified\":\"2023-08-26T09:52:11+00:00\",\"description\":\"captation streaming live studio virtuel multi-cam\",\"breadcrumb\":{\"@id\":\"http:\/\/neostudio.be\/?page_id=725#breadcrumb\"},\"inLanguage\":\"fr-FR\",\"potentialAction\":[{\"@type\":\"ReadAction\",\"target\":[\"http:\/\/neostudio.be\/?page_id=725\"]}]},{\"@type\":\"ImageObject\",\"inLanguage\":\"fr-FR\",\"@id\":\"http:\/\/neostudio.be\/?page_id=725#primaryimage\",\"url\":\"http:\/\/neostudio.be\/wp-content\/uploads\/2023\/08\/neoPic4.jpg\",\"contentUrl\":\"http:\/\/neostudio.be\/wp-content\/uploads\/2023\/08\/neoPic4.jpg\",\"width\":1280,\"height\":720,\"caption\":\"Studio virtuel neostudio\"},{\"@type\":\"BreadcrumbList\",\"@id\":\"http:\/\/neostudio.be\/?page_id=725#breadcrumb\",\"itemListElement\":[{\"@type\":\"ListItem\",\"position\":1,\"name\":\"Accueil\",\"item\":\"http:\/\/neostudio.be\/\"},{\"@type\":\"ListItem\",\"position\":2,\"name\":\"Live streaming production\"}]},{\"@type\":\"WebSite\",\"@id\":\"http:\/\/neostudio.be\/#website\",\"url\":\"http:\/\/neostudio.be\/\",\"name\":\"NeoStudio.be\",\"description\":\"Studio LE MOINS CHER  de Bruxelles\",\"publisher\":{\"@id\":\"http:\/\/neostudio.be\/#organization\"},\"potentialAction\":[{\"@type\":\"SearchAction\",\"target\":{\"@type\":\"EntryPoint\",\"urlTemplate\":\"http:\/\/neostudio.be\/?s={search_term_string}\"},\"query-input\":{\"@type\":\"PropertyValueSpecification\",\"valueRequired\":true,\"valueName\":\"search_term_string\"}}],\"inLanguage\":\"fr-FR\"},{\"@type\":\"Organization\",\"@id\":\"http:\/\/neostudio.be\/#organization\",\"name\":\"Neostudio\",\"url\":\"http:\/\/neostudio.be\/\",\"logo\":{\"@type\":\"ImageObject\",\"inLanguage\":\"fr-FR\",\"@id\":\"http:\/\/neostudio.be\/#\/schema\/logo\/image\/\",\"url\":\"https:\/\/neostudio.be\/wp-content\/uploads\/2018\/03\/cropped-FaviLogo.png\",\"contentUrl\":\"https:\/\/neostudio.be\/wp-content\/uploads\/2018\/03\/cropped-FaviLogo.png\",\"width\":512,\"height\":512,\"caption\":\"Neostudio\"},\"image\":{\"@id\":\"http:\/\/neostudio.be\/#\/schema\/logo\/image\/\"},\"sameAs\":[\"https:\/\/www.facebook.com\/NeoStudioBxl\/\",\"https:\/\/www.linkedin.com\/company\/15214713\"]}]}<\/script>\n<!-- \/ Yoast SEO plugin. -->","yoast_head_json":{"title":"Live streaming production - NeoStudio.be","description":"captation streaming live studio virtuel multi-cam","robots":{"index":"index","follow":"follow","max-snippet":"max-snippet:-1","max-image-preview":"max-image-preview:large","max-video-preview":"max-video-preview:-1"},"canonical":"http:\/\/neostudio.be\/?page_id=725","og_locale":"fr_FR","og_type":"article","og_title":"Live streaming production - NeoStudio.be","og_description":"captation streaming live studio virtuel multi-cam","og_url":"http:\/\/neostudio.be\/?page_id=725","og_site_name":"NeoStudio.be","article_publisher":"https:\/\/www.facebook.com\/NeoStudioBxl\/","article_modified_time":"2023-08-26T09:52:11+00:00","og_image":[{"width":1280,"height":720,"url":"http:\/\/neostudio.be\/wp-content\/uploads\/2023\/08\/neoPic4.jpg","type":"image\/jpeg"}],"twitter_misc":{"Dur\u00e9e de lecture estim\u00e9e":"1 minute"},"schema":{"@context":"https:\/\/schema.org","@graph":[{"@type":"WebPage","@id":"http:\/\/neostudio.be\/?page_id=725","url":"http:\/\/neostudio.be\/?page_id=725","name":"Live streaming production - NeoStudio.be","isPartOf":{"@id":"http:\/\/neostudio.be\/#website"},"primaryImageOfPage":{"@id":"http:\/\/neostudio.be\/?page_id=725#primaryimage"},"image":{"@id":"http:\/\/neostudio.be\/?page_id=725#primaryimage"},"thumbnailUrl":"http:\/\/neostudio.be\/wp-content\/uploads\/2023\/08\/neoPic4.jpg","datePublished":"2023-08-26T09:52:10+00:00","dateModified":"2023-08-26T09:52:11+00:00","description":"captation streaming live studio virtuel multi-cam","breadcrumb":{"@id":"http:\/\/neostudio.be\/?page_id=725#breadcrumb"},"inLanguage":"fr-FR","potentialAction":[{"@type":"ReadAction","target":["http:\/\/neostudio.be\/?page_id=725"]}]},{"@type":"ImageObject","inLanguage":"fr-FR","@id":"http:\/\/neostudio.be\/?page_id=725#primaryimage","url":"http:\/\/neostudio.be\/wp-content\/uploads\/2023\/08\/neoPic4.jpg","contentUrl":"http:\/\/neostudio.be\/wp-content\/uploads\/2023\/08\/neoPic4.jpg","width":1280,"height":720,"caption":"Studio virtuel neostudio"},{"@type":"BreadcrumbList","@id":"http:\/\/neostudio.be\/?page_id=725#breadcrumb","itemListElement":[{"@type":"ListItem","position":1,"name":"Accueil","item":"http:\/\/neostudio.be\/"},{"@type":"ListItem","position":2,"name":"Live streaming production"}]},{"@type":"WebSite","@id":"http:\/\/neostudio.be\/#website","url":"http:\/\/neostudio.be\/","name":"NeoStudio.be","description":"Studio LE MOINS CHER  de Bruxelles","publisher":{"@id":"http:\/\/neostudio.be\/#organization"},"potentialAction":[{"@type":"SearchAction","target":{"@type":"EntryPoint","urlTemplate":"http:\/\/neostudio.be\/?s={search_term_string}"},"query-input":{"@type":"PropertyValueSpecification","valueRequired":true,"valueName":"search_term_string"}}],"inLanguage":"fr-FR"},{"@type":"Organization","@id":"http:\/\/neostudio.be\/#organization","name":"Neostudio","url":"http:\/\/neostudio.be\/","logo":{"@type":"ImageObject","inLanguage":"fr-FR","@id":"http:\/\/neostudio.be\/#\/schema\/logo\/image\/","url":"https:\/\/neostudio.be\/wp-content\/uploads\/2018\/03\/cropped-FaviLogo.png","contentUrl":"https:\/\/neostudio.be\/wp-content\/uploads\/2018\/03\/cropped-FaviLogo.png","width":512,"height":512,"caption":"Neostudio"},"image":{"@id":"http:\/\/neostudio.be\/#\/schema\/logo\/image\/"},"sameAs":["https:\/\/www.facebook.com\/NeoStudioBxl\/","https:\/\/www.linkedin.com\/company\/15214713"]}]}},"_links":{"self":[{"href":"http:\/\/neostudio.be\/index.php?rest_route=\/wp\/v2\/pages\/725","targetHints":{"allow":["GET"]}}],"collection":[{"href":"http:\/\/neostudio.be\/index.php?rest_route=\/wp\/v2\/pages"}],"about":[{"href":"http:\/\/neostudio.be\/index.php?rest_route=\/wp\/v2\/types\/page"}],"author":[{"embeddable":true,"href":"http:\/\/neostudio.be\/index.php?rest_route=\/wp\/v2\/users\/1"}],"replies":[{"embeddable":true,"href":"http:\/\/neostudio.be\/index.php?rest_route=%2Fwp%2Fv2%2Fcomments&post=725"}],"version-history":[{"count":63,"href":"http:\/\/neostudio.be\/index.php?rest_route=\/wp\/v2\/pages\/725\/revisions"}],"predecessor-version":[{"id":1180,"href":"http:\/\/neostudio.be\/index.php?rest_route=\/wp\/v2\/pages\/725\/revisions\/1180"}],"wp:featuredmedia":[{"embeddable":true,"href":"http:\/\/neostudio.be\/index.php?rest_route=\/wp\/v2\/media\/1221"}],"wp:attachment":[{"href":"http:\/\/neostudio.be\/index.php?rest_route=%2Fwp%2Fv2%2Fmedia&parent=725"}],"curies":[{"name":"wp","href":"https:\/\/api.w.org\/{rel}","templated":true}]}}