{"id":25,"date":"2023-06-27T14:21:22","date_gmt":"2023-06-27T13:21:22","guid":{"rendered":"http:\/\/neostudio.be\/?page_id=25"},"modified":"2025-12-06T17:46:28","modified_gmt":"2025-12-06T16:46:28","slug":"tarif","status":"publish","type":"page","link":"http:\/\/neostudio.be\/?page_id=25","title":{"rendered":"Tarif\/Info"},"content":{"rendered":"<p><strong><u><a href=\"https:\/\/neostudio.be\/?page_id=359\">neo production movie<\/a><\/u><\/strong><\/p>\n<p><strong><u>Grille de tarif de location du studio<\/u><\/strong><br \/>\n(Nos prix sont hors tva )<\/p>\n<p><strong>Location Green key en semaine et week-end(*)<\/strong><br \/>\n<i>Le tarif inclus les \u00e9clairages pour le fond vert (7 Projecteurs) mais pas les \u00e9clairages sur le plateau (\u00e0 convenir)<\/i>:<\/p>\n<ul>\n<li>195 \u20ac \u00a0pour la demi-journ\u00e9e de 4h (avec\u00a0 \u00e9clairages fond\u00a0 &#8211; sans \u00e9clairage plateau )(*)<\/li>\n<li>295 \u20ac \u00a0pour la journ\u00e9e de 8h(avec\u00a0 \u00e9clairages fond\u00a0 &#8211; sans \u00e9clairage plateau )(*)<\/li>\n<li>155 \u20ac \u00a0 par heure \u00ab\u00a0pr\u00eat \u00e0 tourner\u00a0\u00bb voir plus bas(**)<\/li>\n<li>Streaming live\/diffusion en direct &#8211; a convenir selon le projet<\/li>\n<\/ul>\n<p>(*) Heure suppl\u00e9mentaire: 45\u20ac<br \/>\n(*) Pour samedi et dimanche un suppl\u00e9ment peut \u00eatre demand\u00e9.<br \/>\n(*) Le tarif inclus les \u00e9clairages pour le fond vert (7 Projecteurs) mais pas les \u00e9clairages sur le plateau ).+ 45 Euro par demi-journ\u00e9e<\/p>\n<p>(*)2 projecteurs dimmable DMX Studio Cool (6X55W) sur tr\u00e9pied et <strong>2 sur trepied<\/strong>&#8211; Jinbei EFP-400 bicolor LED panel\u00a0<em>\u00a0<\/em><strong><em>\u00a0\u20ac 45,00 (par demi-journ\u00e9e)<\/em><\/strong><\/p>\n<p><strong>(**) Acquisition vid\u00e9o \u00e0 l&rsquo;heure (pr\u00eat \u00e0 tourner) :<\/strong><br \/>\nSortez avec vos rushes pr\u00eats \u00e0 monter (en 4k) Il faut compter environ 145 euro l&rsquo;heure(sur demande)<\/p>\n<p>Le tarif de location inclus :<\/p>\n<ul>\n<li><strong>Technique vid\u00e9o\/photographie<\/strong><br \/>\n1 espace de cr\u00e9ation de 80 m\u00b2<br \/>\n1 plateau fond vert (green key) cyclorama de 5,7 m x 4 m x 3 m (LxPxH)<br \/>\nEclairage cyclorama &#8211; circuit DMX de 7 projecteurs Studio Cool fixe sur grill (\u00e9clairage flicker-free et CRI &gt;90 adapt\u00e9 pour le green key ).<\/li>\n<li>pour le plateau\u00a0 :<br \/>\n<strong><em>2 -(6x55W) sur tr\u00e9pied(*)<\/em><\/strong><em>Photographie<\/em> 3 fonds papier disponibles en rouleau: un gris, un blanc et un noir (2,7mx11m).<\/li>\n<li><strong>2 sur trepied<\/strong>&#8211; Jinbei EFP-400 bicolor LED panel \u2013 400W\u00a0 (https:\/\/martcom.eu\/en\/product\/jinbei-efp-400-bicolor-led-panel-400w\/?srsltid=AfmBOoplgeEyCDcuvnxCrnyZEhGRGt0FRcx9s7-eGWWuVToeOptkqZw2)<\/li>\n<li>L&rsquo;espace est totalement occultable (v\u00e9lux \u00e9lectriques) + rideaux<\/li>\n<li><strong>Back stage<\/strong><br \/>\nSanitaire: wc, lavabo, douche<br \/>\nZone maquillage\/coiffure\/barre \u00e0 v\u00eatement<br \/>\nCour de 30 m2<br \/>\nTable de 3,5 m pliable sur roulettes<\/li>\n<li><strong>Catering\/pause<\/strong><br \/>\nMachine \u00e0 caf\u00e9 Sans\u00e9o, \u00e9vier de cuisine, frigo-cong\u00e9lateur, four \u00e0 micro-onde<\/li>\n<li><strong>Divers<\/strong><br \/>\nChauffage central &#8211; le studio est fortement isol\u00e9 thermiquement et en partie phoniquement.<br \/>\nAccueil et explication de l&rsquo;utilisation du mat\u00e9riel<br \/>\n1 ventilateur<br \/>\n1 cha\u00eene Hifi<\/li>\n<\/ul>\n<div id=\"MATLOC\"><u><br \/>\n<strong>(*)Mat\u00e9riel en option mis en location dans le studio<\/strong><\/u><\/div>\n<p>(les prix ici sont indicatifs, on peut agir par package \u00e0 la demande )<br \/>\n<iframe loading=\"lazy\" style=\"border: none; overflow: hidden;\" src=\"https:\/\/www.gearbooker.com\/profile\/embed\/20b4b131-da47-4912-989f-6de1273a3d81\" width=\"100%\" height=\"32\" frameborder=\"0\" scrolling=\"no\"><\/iframe><\/p>\n<p>&#8211;<strong><span style=\"text-decoration: underline;\">R\u00e9aliser avec vous<\/span><\/strong><\/p>\n<p>La captation vid\u00e9o et son , l&rsquo;int\u00e9gration , le montage. Sur demande \u00e0 convenir selon le projet (\u00e0<strong><em>\u00a0\u00a0<\/em><\/strong>l&rsquo;heure ou sur forfait)<\/p>\n<p><strong><u>Contact<\/u><\/strong><br \/>\nGSM : <a href=\"tel:+32476330297\"> +32(0)476\/330297<\/a><br \/>\nMail:<a href=\"mailto:neostudiobxl@gmail.com\"> neostudiobxl@gmail.com<\/a><br \/>\nFacebook: <a href=\"https:\/\/www.facebook.com\/NeoStudioBxl\"> www.facebook.com\/NeoStudioBxl<\/a><\/p>\n","protected":false},"excerpt":{"rendered":"<p>neo production movie Grille de tarif de location du studio (Nos prix sont hors tva ) Location Green key en semaine et week-end(*) Le tarif inclus les \u00e9clairages pour le fond vert (7 Projecteurs) mais pas les \u00e9clairages sur le plateau (\u00e0 convenir): 195 \u20ac \u00a0pour la demi-journ\u00e9e de 4h (avec\u00a0 \u00e9clairages fond\u00a0 &#8211; sans &hellip; <a href=\"http:\/\/neostudio.be\/?page_id=25\" class=\"more-link\">Continuer la lecture de <span class=\"screen-reader-text\">Tarif\/Info<\/span>  <span class=\"meta-nav\">&rarr;<\/span><\/a><\/p>\n","protected":false},"author":1,"featured_media":0,"parent":0,"menu_order":0,"comment_status":"closed","ping_status":"closed","template":"","meta":{"footnotes":""},"class_list":["post-25","page","type-page","status-publish","hentry"],"yoast_head":"<!-- This site is optimized with the Yoast SEO plugin v26.9 - https:\/\/yoast.com\/product\/yoast-seo-wordpress\/ -->\n<title>Tarif\/Info - NeoStudio.be<\/title>\n<meta name=\"description\" content=\"Green key chromakey cyclorama studio fond vert bruxelles video photographie shooting casting\" \/>\n<meta name=\"robots\" content=\"index, follow, max-snippet:-1, max-image-preview:large, max-video-preview:-1\" \/>\n<link rel=\"canonical\" href=\"https:\/\/neostudio.be\/?page_id=25\" \/>\n<meta property=\"og:locale\" content=\"fr_FR\" \/>\n<meta property=\"og:type\" content=\"article\" \/>\n<meta property=\"og:title\" content=\"Tarif\/Info - NeoStudio.be\" \/>\n<meta property=\"og:description\" content=\"Green key chromakey cyclorama studio fond vert bruxelles video photographie shooting casting\" \/>\n<meta property=\"og:url\" content=\"https:\/\/neostudio.be\/?page_id=25\" \/>\n<meta property=\"og:site_name\" content=\"NeoStudio.be\" \/>\n<meta property=\"article:publisher\" content=\"https:\/\/www.facebook.com\/NeoStudioBxl\/\" \/>\n<meta property=\"article:modified_time\" content=\"2025-12-06T16:46:28+00:00\" \/>\n<meta property=\"og:image\" content=\"http:\/\/neostudio.be\/wp-content\/uploads\/2018\/03\/cropped-FaviLogo.png\" \/>\n\t<meta property=\"og:image:width\" content=\"512\" \/>\n\t<meta property=\"og:image:height\" content=\"512\" \/>\n\t<meta property=\"og:image:type\" content=\"image\/png\" \/>\n<meta name=\"twitter:label1\" content=\"Dur\u00e9e de lecture estim\u00e9e\" \/>\n\t<meta name=\"twitter:data1\" content=\"2 minutes\" \/>\n<script type=\"application\/ld+json\" class=\"yoast-schema-graph\">{\"@context\":\"https:\/\/schema.org\",\"@graph\":[{\"@type\":\"WebPage\",\"@id\":\"https:\/\/neostudio.be\/?page_id=25\",\"url\":\"https:\/\/neostudio.be\/?page_id=25\",\"name\":\"Tarif\/Info - NeoStudio.be\",\"isPartOf\":{\"@id\":\"http:\/\/neostudio.be\/#website\"},\"datePublished\":\"2023-06-27T13:21:22+00:00\",\"dateModified\":\"2025-12-06T16:46:28+00:00\",\"description\":\"Green key chromakey cyclorama studio fond vert bruxelles video photographie shooting casting\",\"breadcrumb\":{\"@id\":\"https:\/\/neostudio.be\/?page_id=25#breadcrumb\"},\"inLanguage\":\"fr-FR\",\"potentialAction\":[{\"@type\":\"ReadAction\",\"target\":[\"https:\/\/neostudio.be\/?page_id=25\"]}]},{\"@type\":\"BreadcrumbList\",\"@id\":\"https:\/\/neostudio.be\/?page_id=25#breadcrumb\",\"itemListElement\":[{\"@type\":\"ListItem\",\"position\":1,\"name\":\"Accueil\",\"item\":\"http:\/\/neostudio.be\/\"},{\"@type\":\"ListItem\",\"position\":2,\"name\":\"Tarif\/Info\"}]},{\"@type\":\"WebSite\",\"@id\":\"http:\/\/neostudio.be\/#website\",\"url\":\"http:\/\/neostudio.be\/\",\"name\":\"NeoStudio.be\",\"description\":\"Studio LE MOINS CHER  de Bruxelles\",\"publisher\":{\"@id\":\"http:\/\/neostudio.be\/#organization\"},\"potentialAction\":[{\"@type\":\"SearchAction\",\"target\":{\"@type\":\"EntryPoint\",\"urlTemplate\":\"http:\/\/neostudio.be\/?s={search_term_string}\"},\"query-input\":{\"@type\":\"PropertyValueSpecification\",\"valueRequired\":true,\"valueName\":\"search_term_string\"}}],\"inLanguage\":\"fr-FR\"},{\"@type\":\"Organization\",\"@id\":\"http:\/\/neostudio.be\/#organization\",\"name\":\"Neostudio\",\"url\":\"http:\/\/neostudio.be\/\",\"logo\":{\"@type\":\"ImageObject\",\"inLanguage\":\"fr-FR\",\"@id\":\"http:\/\/neostudio.be\/#\/schema\/logo\/image\/\",\"url\":\"https:\/\/neostudio.be\/wp-content\/uploads\/2018\/03\/cropped-FaviLogo.png\",\"contentUrl\":\"https:\/\/neostudio.be\/wp-content\/uploads\/2018\/03\/cropped-FaviLogo.png\",\"width\":512,\"height\":512,\"caption\":\"Neostudio\"},\"image\":{\"@id\":\"http:\/\/neostudio.be\/#\/schema\/logo\/image\/\"},\"sameAs\":[\"https:\/\/www.facebook.com\/NeoStudioBxl\/\",\"https:\/\/www.linkedin.com\/company\/15214713\"]}]}<\/script>\n<!-- \/ Yoast SEO plugin. -->","yoast_head_json":{"title":"Tarif\/Info - NeoStudio.be","description":"Green key chromakey cyclorama studio fond vert bruxelles video photographie shooting casting","robots":{"index":"index","follow":"follow","max-snippet":"max-snippet:-1","max-image-preview":"max-image-preview:large","max-video-preview":"max-video-preview:-1"},"canonical":"https:\/\/neostudio.be\/?page_id=25","og_locale":"fr_FR","og_type":"article","og_title":"Tarif\/Info - NeoStudio.be","og_description":"Green key chromakey cyclorama studio fond vert bruxelles video photographie shooting casting","og_url":"https:\/\/neostudio.be\/?page_id=25","og_site_name":"NeoStudio.be","article_publisher":"https:\/\/www.facebook.com\/NeoStudioBxl\/","article_modified_time":"2025-12-06T16:46:28+00:00","og_image":[{"width":512,"height":512,"url":"http:\/\/neostudio.be\/wp-content\/uploads\/2018\/03\/cropped-FaviLogo.png","type":"image\/png"}],"twitter_misc":{"Dur\u00e9e de lecture estim\u00e9e":"2 minutes"},"schema":{"@context":"https:\/\/schema.org","@graph":[{"@type":"WebPage","@id":"https:\/\/neostudio.be\/?page_id=25","url":"https:\/\/neostudio.be\/?page_id=25","name":"Tarif\/Info - NeoStudio.be","isPartOf":{"@id":"http:\/\/neostudio.be\/#website"},"datePublished":"2023-06-27T13:21:22+00:00","dateModified":"2025-12-06T16:46:28+00:00","description":"Green key chromakey cyclorama studio fond vert bruxelles video photographie shooting casting","breadcrumb":{"@id":"https:\/\/neostudio.be\/?page_id=25#breadcrumb"},"inLanguage":"fr-FR","potentialAction":[{"@type":"ReadAction","target":["https:\/\/neostudio.be\/?page_id=25"]}]},{"@type":"BreadcrumbList","@id":"https:\/\/neostudio.be\/?page_id=25#breadcrumb","itemListElement":[{"@type":"ListItem","position":1,"name":"Accueil","item":"http:\/\/neostudio.be\/"},{"@type":"ListItem","position":2,"name":"Tarif\/Info"}]},{"@type":"WebSite","@id":"http:\/\/neostudio.be\/#website","url":"http:\/\/neostudio.be\/","name":"NeoStudio.be","description":"Studio LE MOINS CHER  de Bruxelles","publisher":{"@id":"http:\/\/neostudio.be\/#organization"},"potentialAction":[{"@type":"SearchAction","target":{"@type":"EntryPoint","urlTemplate":"http:\/\/neostudio.be\/?s={search_term_string}"},"query-input":{"@type":"PropertyValueSpecification","valueRequired":true,"valueName":"search_term_string"}}],"inLanguage":"fr-FR"},{"@type":"Organization","@id":"http:\/\/neostudio.be\/#organization","name":"Neostudio","url":"http:\/\/neostudio.be\/","logo":{"@type":"ImageObject","inLanguage":"fr-FR","@id":"http:\/\/neostudio.be\/#\/schema\/logo\/image\/","url":"https:\/\/neostudio.be\/wp-content\/uploads\/2018\/03\/cropped-FaviLogo.png","contentUrl":"https:\/\/neostudio.be\/wp-content\/uploads\/2018\/03\/cropped-FaviLogo.png","width":512,"height":512,"caption":"Neostudio"},"image":{"@id":"http:\/\/neostudio.be\/#\/schema\/logo\/image\/"},"sameAs":["https:\/\/www.facebook.com\/NeoStudioBxl\/","https:\/\/www.linkedin.com\/company\/15214713"]}]}},"_links":{"self":[{"href":"http:\/\/neostudio.be\/index.php?rest_route=\/wp\/v2\/pages\/25","targetHints":{"allow":["GET"]}}],"collection":[{"href":"http:\/\/neostudio.be\/index.php?rest_route=\/wp\/v2\/pages"}],"about":[{"href":"http:\/\/neostudio.be\/index.php?rest_route=\/wp\/v2\/types\/page"}],"author":[{"embeddable":true,"href":"http:\/\/neostudio.be\/index.php?rest_route=\/wp\/v2\/users\/1"}],"replies":[{"embeddable":true,"href":"http:\/\/neostudio.be\/index.php?rest_route=%2Fwp%2Fv2%2Fcomments&post=25"}],"version-history":[{"count":155,"href":"http:\/\/neostudio.be\/index.php?rest_route=\/wp\/v2\/pages\/25\/revisions"}],"predecessor-version":[{"id":1343,"href":"http:\/\/neostudio.be\/index.php?rest_route=\/wp\/v2\/pages\/25\/revisions\/1343"}],"wp:attachment":[{"href":"http:\/\/neostudio.be\/index.php?rest_route=%2Fwp%2Fv2%2Fmedia&parent=25"}],"curies":[{"name":"wp","href":"https:\/\/api.w.org\/{rel}","templated":true}]}}