{"id":1282,"date":"2025-09-01T20:45:58","date_gmt":"2025-09-01T19:45:58","guid":{"rendered":"https:\/\/neostudio.be\/?page_id=1282"},"modified":"2025-09-02T12:19:05","modified_gmt":"2025-09-02T11:19:05","slug":"clip-video-musical","status":"publish","type":"page","link":"http:\/\/neostudio.be\/?page_id=1282","title":{"rendered":"Clip vid\u00e9o musical"},"content":{"rendered":"\n<h2 class=\"wp-block-heading\">\ud83c\udfac Le studio clip vid\u00e9o \u00e0 Bruxelles<\/h2>\n\n\n\n<p>Situ\u00e9 au c\u0153ur de <strong>Saint-Gilles, Bruxelles<\/strong>, <strong>N\u00e9o Studio.be<\/strong> est un espace enti\u00e8rement d\u00e9di\u00e9 \u00e0 la <strong>cr\u00e9ation de clips vid\u00e9o professionnels<\/strong>.<\/p>\n\n\n\n<p>Sp\u00e9cialis\u00e9 dans l&rsquo;utilisation du <strong>fond vert<\/strong>, notre studio est l\u2019endroit id\u00e9al pour donner vie \u00e0 vos id\u00e9es les plus <strong>cr\u00e9atives<\/strong>, <strong>visuelles<\/strong> et <strong>impactantes<\/strong>.<\/p>\n\n\n\n<hr class=\"wp-block-separator has-alpha-channel-opacity\"\/>\n\n\n\n<h6 class=\"wp-block-heading\">\ud83c\udfa5 En tant que <strong>cr\u00e9ateur de clips vid\u00e9o<\/strong>, je mets mon <strong>savoir-faire<\/strong> et mon <strong>exp\u00e9rience<\/strong> au service des <strong>artistes<\/strong>, <strong>labels<\/strong> et <strong>cr\u00e9ateurs visuels<\/strong>.<\/h6>\n\n\n\n<p>\ud83c\udfb6 De nombreux artistes nous ont d\u00e9j\u00e0 fait confiance pour la r\u00e9alisation de leurs clips <\/p>\n\n\n\n<hr class=\"wp-block-separator has-alpha-channel-opacity\"\/>\n\n\n\n<h2 class=\"wp-block-heading\">\u2705 Ce que nous offrons<\/h2>\n\n\n\n<p>\ud83d\udd39 <strong>Studio \u00e9quip\u00e9 et accessible<\/strong><\/p>\n\n\n\n<ul class=\"wp-block-list\">\n<li>\ud83d\udd39 <strong>R\u00e9alisation sur mesure adapt\u00e9e \u00e0 votre univers artistique<\/strong><\/li>\n\n\n\n<li>\ud83d\udd39 <strong>Expertise fond vert &amp; postproduction avanc\u00e9e<\/strong><\/li>\n\n\n\n<li>\ud83d\udd39 <strong>Ambiance cr\u00e9ative, professionnelle et humaine<\/strong><\/li>\n\n\n\n<li>\ud83d\udd39 <strong>Utilisation combin\u00e9e du fond vert avec l\u2019intelligence artificielle<\/strong> pour cr\u00e9er des <strong>effets sp\u00e9ciaux puissants et complexes<\/strong><\/li>\n<\/ul>\n\n\n\n<hr class=\"wp-block-separator has-alpha-channel-opacity\"\/>\n\n\n\n<h2 class=\"wp-block-heading\">\ud83c\udfb5 R\u00e9alisations (clips r\u00e9alis\u00e9 ou tourn\u00e9s chez N\u00e9o Studio)<\/h2>\n\n\n\n<p>Voici quelques exemples de clips vid\u00e9o r\u00e9alis\u00e9s dans notre studio :<\/p>\n\n\n\n<ul class=\"wp-block-list\">\n<li><a href=\"https:\/\/www.youtube.com\/watch?v=05ubiz0VTAQ\">\ud83c\udfac (realis\u00e9)  Lou Bertrame &#8211; Macaque Blues<\/a><\/li>\n\n\n\n<li>\ud83c\udfac (tourn\u00e9) <a href=\"https:\/\/www.youtube.com\/watch?v=6rZAPsJu2ck&amp;list=RD6rZAPsJu2ck&amp;start_radio=1\">Anwar- Thinking Of You&nbsp;<\/a><\/li>\n\n\n\n<li>\ud83c\udfac <a href=\"https:\/\/www.youtube.com\/watch?v=XXXXXXXX&amp;utm_source=chatgpt.com\">Artiste 3 \u2013 Titre du clip<\/a><\/li>\n\n\n\n<li>\ud83c\udfac <a href=\"https:\/\/www.youtube.com\/watch?v=XXXXXXXX&amp;utm_source=chatgpt.com\">Artiste 4 \u2013 Titre du clip<\/a><\/li>\n<\/ul>\n\n\n\n<blockquote class=\"wp-block-quote is-layout-flow wp-block-quote-is-layout-flow\">\n<p><\/p>\n<\/blockquote>\n\n\n\n<hr class=\"wp-block-separator has-alpha-channel-opacity\"\/>\n\n\n\n<h2 class=\"wp-block-heading\">\ud83d\udcde <strong>Contact direct pour un conseil personnalis\u00e9<\/strong><\/h2>\n\n\n\n<p><a href=\"mailto:neostudiobxl@gmail.com\">Email : <strong>neostudiobxl@gmail.com<\/strong><\/a><\/p>\n\n\n\n<p>T\u00e9l\u00e9phone : <strong>+32 476330297<\/strong>   <\/p>\n\n\n\n<p><a href=\"tel:+32436330297\">\ud83d\udcde<\/a><a href=\"tel:+32476330297\"> Push to cal l +32476330297<\/a><\/p>\n\n\n\n<p>Je suis <strong>disponible et r\u00e9actif<\/strong> pour discuter de vos projets, r\u00e9pondre \u00e0 vos questions ou planifier une s\u00e9ance dans les meilleurs d\u00e9lai<\/p>\n\n\n\n<hr class=\"wp-block-separator has-alpha-channel-opacity\"\/>\n\n\n\n<h2 class=\"wp-block-heading\">\ud83c\udfaf Pr\u00eat pour votre prochain clip ?<\/h2>\n\n\n\n<p><strong>Prenez contact d\u00e8s maintenant<\/strong> et transformons ensemble vos id\u00e9es en <strong>images puissantes<\/strong>.<\/p>\n","protected":false},"excerpt":{"rendered":"<p>\ud83c\udfac Le studio clip vid\u00e9o \u00e0 Bruxelles Situ\u00e9 au c\u0153ur de Saint-Gilles, Bruxelles, N\u00e9o Studio.be est un espace enti\u00e8rement d\u00e9di\u00e9 \u00e0 la cr\u00e9ation de clips vid\u00e9o professionnels. Sp\u00e9cialis\u00e9 dans l&rsquo;utilisation du fond vert, notre studio est l\u2019endroit id\u00e9al pour donner vie \u00e0 vos id\u00e9es les plus cr\u00e9atives, visuelles et impactantes. \ud83c\udfa5 En tant que cr\u00e9ateur &hellip; <a href=\"http:\/\/neostudio.be\/?page_id=1282\" class=\"more-link\">Continuer la lecture de <span class=\"screen-reader-text\">Clip vid\u00e9o musical<\/span>  <span class=\"meta-nav\">&rarr;<\/span><\/a><\/p>\n","protected":false},"author":1,"featured_media":0,"parent":0,"menu_order":0,"comment_status":"closed","ping_status":"closed","template":"","meta":{"footnotes":""},"class_list":["post-1282","page","type-page","status-publish","hentry"],"yoast_head":"<!-- This site is optimized with the Yoast SEO plugin v26.9 - https:\/\/yoast.com\/product\/yoast-seo-wordpress\/ -->\n<title>Clip vid\u00e9o musical - NeoStudio.be<\/title>\n<meta name=\"description\" content=\"Green key chromakey cyclorama studio fond vert bruxelles video photographie shooting casting\" \/>\n<meta name=\"robots\" content=\"index, follow, max-snippet:-1, max-image-preview:large, max-video-preview:-1\" \/>\n<link rel=\"canonical\" href=\"http:\/\/neostudio.be\/?page_id=1282\" \/>\n<meta property=\"og:locale\" content=\"fr_FR\" \/>\n<meta property=\"og:type\" content=\"article\" \/>\n<meta property=\"og:title\" content=\"Clip vid\u00e9o musical - NeoStudio.be\" \/>\n<meta property=\"og:description\" content=\"Green key chromakey cyclorama studio fond vert bruxelles video photographie shooting casting\" \/>\n<meta property=\"og:url\" content=\"http:\/\/neostudio.be\/?page_id=1282\" \/>\n<meta property=\"og:site_name\" content=\"NeoStudio.be\" \/>\n<meta property=\"article:publisher\" content=\"https:\/\/www.facebook.com\/NeoStudioBxl\/\" \/>\n<meta property=\"article:modified_time\" content=\"2025-09-02T11:19:05+00:00\" \/>\n<meta property=\"og:image\" content=\"http:\/\/neostudio.be\/wp-content\/uploads\/2018\/03\/cropped-FaviLogo.png\" \/>\n\t<meta property=\"og:image:width\" content=\"512\" \/>\n\t<meta property=\"og:image:height\" content=\"512\" \/>\n\t<meta property=\"og:image:type\" content=\"image\/png\" \/>\n<meta name=\"twitter:label1\" content=\"Dur\u00e9e de lecture estim\u00e9e\" \/>\n\t<meta name=\"twitter:data1\" content=\"2 minutes\" \/>\n<script type=\"application\/ld+json\" class=\"yoast-schema-graph\">{\"@context\":\"https:\/\/schema.org\",\"@graph\":[{\"@type\":\"WebPage\",\"@id\":\"http:\/\/neostudio.be\/?page_id=1282\",\"url\":\"http:\/\/neostudio.be\/?page_id=1282\",\"name\":\"Clip vid\u00e9o musical - NeoStudio.be\",\"isPartOf\":{\"@id\":\"http:\/\/neostudio.be\/#website\"},\"datePublished\":\"2025-09-01T19:45:58+00:00\",\"dateModified\":\"2025-09-02T11:19:05+00:00\",\"description\":\"Green key chromakey cyclorama studio fond vert bruxelles video photographie shooting casting\",\"breadcrumb\":{\"@id\":\"http:\/\/neostudio.be\/?page_id=1282#breadcrumb\"},\"inLanguage\":\"fr-FR\",\"potentialAction\":[{\"@type\":\"ReadAction\",\"target\":[\"http:\/\/neostudio.be\/?page_id=1282\"]}]},{\"@type\":\"BreadcrumbList\",\"@id\":\"http:\/\/neostudio.be\/?page_id=1282#breadcrumb\",\"itemListElement\":[{\"@type\":\"ListItem\",\"position\":1,\"name\":\"Accueil\",\"item\":\"http:\/\/neostudio.be\/\"},{\"@type\":\"ListItem\",\"position\":2,\"name\":\"Clip vid\u00e9o musical\"}]},{\"@type\":\"WebSite\",\"@id\":\"http:\/\/neostudio.be\/#website\",\"url\":\"http:\/\/neostudio.be\/\",\"name\":\"NeoStudio.be\",\"description\":\"Studio LE MOINS CHER  de Bruxelles\",\"publisher\":{\"@id\":\"http:\/\/neostudio.be\/#organization\"},\"potentialAction\":[{\"@type\":\"SearchAction\",\"target\":{\"@type\":\"EntryPoint\",\"urlTemplate\":\"http:\/\/neostudio.be\/?s={search_term_string}\"},\"query-input\":{\"@type\":\"PropertyValueSpecification\",\"valueRequired\":true,\"valueName\":\"search_term_string\"}}],\"inLanguage\":\"fr-FR\"},{\"@type\":\"Organization\",\"@id\":\"http:\/\/neostudio.be\/#organization\",\"name\":\"Neostudio\",\"url\":\"http:\/\/neostudio.be\/\",\"logo\":{\"@type\":\"ImageObject\",\"inLanguage\":\"fr-FR\",\"@id\":\"http:\/\/neostudio.be\/#\/schema\/logo\/image\/\",\"url\":\"https:\/\/neostudio.be\/wp-content\/uploads\/2018\/03\/cropped-FaviLogo.png\",\"contentUrl\":\"https:\/\/neostudio.be\/wp-content\/uploads\/2018\/03\/cropped-FaviLogo.png\",\"width\":512,\"height\":512,\"caption\":\"Neostudio\"},\"image\":{\"@id\":\"http:\/\/neostudio.be\/#\/schema\/logo\/image\/\"},\"sameAs\":[\"https:\/\/www.facebook.com\/NeoStudioBxl\/\",\"https:\/\/www.linkedin.com\/company\/15214713\"]}]}<\/script>\n<!-- \/ Yoast SEO plugin. -->","yoast_head_json":{"title":"Clip vid\u00e9o musical - NeoStudio.be","description":"Green key chromakey cyclorama studio fond vert bruxelles video photographie shooting casting","robots":{"index":"index","follow":"follow","max-snippet":"max-snippet:-1","max-image-preview":"max-image-preview:large","max-video-preview":"max-video-preview:-1"},"canonical":"http:\/\/neostudio.be\/?page_id=1282","og_locale":"fr_FR","og_type":"article","og_title":"Clip vid\u00e9o musical - NeoStudio.be","og_description":"Green key chromakey cyclorama studio fond vert bruxelles video photographie shooting casting","og_url":"http:\/\/neostudio.be\/?page_id=1282","og_site_name":"NeoStudio.be","article_publisher":"https:\/\/www.facebook.com\/NeoStudioBxl\/","article_modified_time":"2025-09-02T11:19:05+00:00","og_image":[{"width":512,"height":512,"url":"http:\/\/neostudio.be\/wp-content\/uploads\/2018\/03\/cropped-FaviLogo.png","type":"image\/png"}],"twitter_misc":{"Dur\u00e9e de lecture estim\u00e9e":"2 minutes"},"schema":{"@context":"https:\/\/schema.org","@graph":[{"@type":"WebPage","@id":"http:\/\/neostudio.be\/?page_id=1282","url":"http:\/\/neostudio.be\/?page_id=1282","name":"Clip vid\u00e9o musical - NeoStudio.be","isPartOf":{"@id":"http:\/\/neostudio.be\/#website"},"datePublished":"2025-09-01T19:45:58+00:00","dateModified":"2025-09-02T11:19:05+00:00","description":"Green key chromakey cyclorama studio fond vert bruxelles video photographie shooting casting","breadcrumb":{"@id":"http:\/\/neostudio.be\/?page_id=1282#breadcrumb"},"inLanguage":"fr-FR","potentialAction":[{"@type":"ReadAction","target":["http:\/\/neostudio.be\/?page_id=1282"]}]},{"@type":"BreadcrumbList","@id":"http:\/\/neostudio.be\/?page_id=1282#breadcrumb","itemListElement":[{"@type":"ListItem","position":1,"name":"Accueil","item":"http:\/\/neostudio.be\/"},{"@type":"ListItem","position":2,"name":"Clip vid\u00e9o musical"}]},{"@type":"WebSite","@id":"http:\/\/neostudio.be\/#website","url":"http:\/\/neostudio.be\/","name":"NeoStudio.be","description":"Studio LE MOINS CHER  de Bruxelles","publisher":{"@id":"http:\/\/neostudio.be\/#organization"},"potentialAction":[{"@type":"SearchAction","target":{"@type":"EntryPoint","urlTemplate":"http:\/\/neostudio.be\/?s={search_term_string}"},"query-input":{"@type":"PropertyValueSpecification","valueRequired":true,"valueName":"search_term_string"}}],"inLanguage":"fr-FR"},{"@type":"Organization","@id":"http:\/\/neostudio.be\/#organization","name":"Neostudio","url":"http:\/\/neostudio.be\/","logo":{"@type":"ImageObject","inLanguage":"fr-FR","@id":"http:\/\/neostudio.be\/#\/schema\/logo\/image\/","url":"https:\/\/neostudio.be\/wp-content\/uploads\/2018\/03\/cropped-FaviLogo.png","contentUrl":"https:\/\/neostudio.be\/wp-content\/uploads\/2018\/03\/cropped-FaviLogo.png","width":512,"height":512,"caption":"Neostudio"},"image":{"@id":"http:\/\/neostudio.be\/#\/schema\/logo\/image\/"},"sameAs":["https:\/\/www.facebook.com\/NeoStudioBxl\/","https:\/\/www.linkedin.com\/company\/15214713"]}]}},"_links":{"self":[{"href":"http:\/\/neostudio.be\/index.php?rest_route=\/wp\/v2\/pages\/1282","targetHints":{"allow":["GET"]}}],"collection":[{"href":"http:\/\/neostudio.be\/index.php?rest_route=\/wp\/v2\/pages"}],"about":[{"href":"http:\/\/neostudio.be\/index.php?rest_route=\/wp\/v2\/types\/page"}],"author":[{"embeddable":true,"href":"http:\/\/neostudio.be\/index.php?rest_route=\/wp\/v2\/users\/1"}],"replies":[{"embeddable":true,"href":"http:\/\/neostudio.be\/index.php?rest_route=%2Fwp%2Fv2%2Fcomments&post=1282"}],"version-history":[{"count":12,"href":"http:\/\/neostudio.be\/index.php?rest_route=\/wp\/v2\/pages\/1282\/revisions"}],"predecessor-version":[{"id":1324,"href":"http:\/\/neostudio.be\/index.php?rest_route=\/wp\/v2\/pages\/1282\/revisions\/1324"}],"wp:attachment":[{"href":"http:\/\/neostudio.be\/index.php?rest_route=%2Fwp%2Fv2%2Fmedia&parent=1282"}],"curies":[{"name":"wp","href":"https:\/\/api.w.org\/{rel}","templated":true}]}}