{"id":1243,"date":"2025-03-09T09:06:02","date_gmt":"2025-03-09T08:06:02","guid":{"rendered":"https:\/\/neostudio.be\/?page_id=1243"},"modified":"2025-09-01T20:35:27","modified_gmt":"2025-09-01T19:35:27","slug":"studio-podcast-vlog","status":"publish","type":"page","link":"http:\/\/neostudio.be\/?page_id=1243","title":{"rendered":"Studio Podcast &amp; Vlog"},"content":{"rendered":"\n<p><strong>Bruxelles Saint-Gilles .<\/strong><\/p>\n\n\n\n<p><strong>Arri\u00e8re maison avec cour  (donc isol\u00e9 et tranquille) . Studio parfait (et \u00e9quip\u00e9 compl\u00e8tement) pour enregistrer vos podcasts, speaks et vlogs en toute s\u00e9r\u00e9nit\u00e9.<\/strong> Internet en fibre optique.<\/p>\n\n\n\n<p><strong>En mode studio<\/strong> podcast \u00ab\u00a0classique\u00a0\u00bb (table , fauteuil , micro , Compact Podcast Mixer, Audio Interface and Recorder ) et\/<strong>ou avec l&rsquo;utilisation du fond vert <\/strong>( Atem mini extreme iso, 3 camera black magic possible avec 5 entr\u00e9e externes ). Console Mix Zoom LiveTrak L-8 , beaucoup de mat\u00e9riel disponible.<\/p>\n\n\n\n<p><strong>D\u00e9finissez vote look de studio , tout \u00e9clairage possible \u00e9galement.<\/strong><\/p>\n\n\n\n<p>Sur place : multiple chaises , tabouret , tables , vaisselles , meubles ,miroir  Bass trap ,machine \u00e0 caf\u00e9  , prompteur&#8230;.<\/p>\n\n\n\n<p>Assistance technique possible ( son ,mix , config fond vert) (\u00e0 d\u00e9finir) .<\/p>\n\n\n\n<p><\/p>\n\n\n\n<p><\/p>\n\n\n\n<p><\/p>\n\n\n\n<figure class=\"wp-block-gallery has-nested-images columns-default is-cropped wp-block-gallery-1 is-layout-flex wp-block-gallery-is-layout-flex\"><\/figure>\n\n\n\n<style id=\"bwg-style-0\">    #bwg_container1_0 #bwg_container2_0 .bwg-container-0.bwg-standard-thumbnails {      width: 1004px;              justify-content: center;        margin:0 auto !important;              background-color: rgba(255, 255, 255, 0.00);            padding-left: 4px;      padding-top: 4px;      max-width: 100%;            }        #bwg_container1_0 #bwg_container2_0 .bwg-container-0.bwg-standard-thumbnails .bwg-item {    justify-content: flex-start;      max-width: 200px;          }    #bwg_container1_0 #bwg_container2_0 .bwg-container-0.bwg-standard-thumbnails .bwg-item a {       margin-right: 4px;       margin-bottom: 4px;    }    #bwg_container1_0 #bwg_container2_0 .bwg-container-0.bwg-standard-thumbnails .bwg-item0 {      padding: 0px;            background-color:rgba(255,255,255, 0.30);      border: 0px none #CCCCCC;      opacity: 1.00;      border-radius: 0;      box-shadow: 0px 0px 0px #888888;    }    #bwg_container1_0 #bwg_container2_0 .bwg-container-0.bwg-standard-thumbnails .bwg-item1 img {      max-height: none;      max-width: none;      padding: 0 !important;    }        @media only screen and (min-width: 480px) {      #bwg_container1_0 #bwg_container2_0 .bwg-container-0.bwg-standard-thumbnails .bwg-item0 {        transition: all 0.3s ease 0s;-webkit-transition: all 0.3s ease 0s;      }      #bwg_container1_0 #bwg_container2_0 .bwg-container-0.bwg-standard-thumbnails .bwg-item0:hover {        -ms-transform: scale(1.1);        -webkit-transform: scale(1.1);        transform: scale(1.1);      }    }          #bwg_container1_0 #bwg_container2_0 .bwg-container-0.bwg-standard-thumbnails .bwg-item1 {      padding-top: 50%;    }        #bwg_container1_0 #bwg_container2_0 .bwg-container-0.bwg-standard-thumbnails .bwg-title2,    #bwg_container1_0 #bwg_container2_0 .bwg-container-0.bwg-standard-thumbnails .bwg-ecommerce2 {      color: #CCCCCC;      font-family: segoe ui;      font-size: 16px;      font-weight: bold;      padding: 2px;      text-shadow: 0px 0px 0px #888888;      max-height: 100%;    }    #bwg_container1_0 #bwg_container2_0 .bwg-container-0.bwg-standard-thumbnails .bwg-thumb-description span {    color: #323A45;    font-family: Ubuntu;    font-size: 12px;    max-height: 100%;    word-wrap: break-word;    }    #bwg_container1_0 #bwg_container2_0 .bwg-container-0.bwg-standard-thumbnails .bwg-play-icon2 {      font-size: 32px;    }    #bwg_container1_0 #bwg_container2_0 .bwg-container-0.bwg-standard-thumbnails .bwg-ecommerce2 {      font-size: 19.2px;      color: #CCCCCC;    }    <\/style>    <div id=\"bwg_container1_0\"         class=\"bwg_container bwg_thumbnail bwg_thumbnails \"         data-right-click-protection=\"1\"         data-bwg=\"0\"         data-scroll=\"0\"         data-gallery-type=\"thumbnails\"         data-gallery-view-type=\"thumbnails\"         data-current-url=\"\/index.php?rest_route=%2Fwp%2Fv2%2Fpages%2F1243\"         data-lightbox-url=\"http:\/\/neostudio.be\/wp-admin\/admin-ajax.php?action=GalleryBox&#038;current_view=0&#038;gallery_id=5&#038;tag=0&#038;theme_id=1&#038;shortcode_id=19&#038;sort_by=order&#038;order_by=asc&#038;current_url=%2Findex.php%3Frest_route%3D%252Fwp%252Fv2%252Fpages%252F1243\"         data-gallery-id=\"5\"         data-popup-width=\"800\"         data-popup-height=\"500\"         data-is-album=\"gallery\"         data-buttons-position=\"bottom\">      <div id=\"bwg_container2_0\">             <div id=\"ajax_loading_0\" class=\"bwg_loading_div_1\">      <div class=\"bwg_loading_div_2\">        <div class=\"bwg_loading_div_3\">          <div id=\"loading_div_0\" class=\"bwg_spider_ajax_loading\">          <\/div>        <\/div>      <\/div>    <\/div>            <form id=\"gal_front_form_0\"              class=\"bwg-hidden\"              method=\"post\"              action=\"#\"              data-current=\"0\"              data-shortcode-id=\"19\"              data-gallery-type=\"thumbnails\"              data-gallery-id=\"5\"              data-tag=\"0\"              data-album-id=\"0\"              data-theme-id=\"1\"              data-ajax-url=\"http:\/\/neostudio.be\/wp-admin\/admin-ajax.php?action=bwg_frontend_data\">          <div id=\"bwg_container3_0\" class=\"bwg-background bwg-background-0\">                <div data-max-count=\"5\"         data-thumbnail-width=\"200\"         data-bwg=\"0\"         data-gallery-id=\"5\"         data-lightbox-url=\"http:\/\/neostudio.be\/wp-admin\/admin-ajax.php?action=GalleryBox&amp;current_view=0&amp;gallery_id=5&amp;tag=0&amp;theme_id=1&amp;shortcode_id=19&amp;sort_by=order&amp;order_by=asc&amp;current_url=%2Findex.php%3Frest_route%3D%252Fwp%252Fv2%252Fpages%252F1243\"         id=\"bwg_thumbnails_0\"         class=\"bwg-container-0 bwg-thumbnails bwg-standard-thumbnails bwg-container bwg-border-box\">            <div class=\"bwg-item\">        <a class=\"bwg-a  bwg_lightbox\"  data-image-id=\"207\" href=\"http:\/\/neostudio.be\/wp-content\/uploads\/photo-gallery\/imported_from_media_libray\/pexels-amar-19761840-scaled.jpg?bwg=1741541002\" data-elementor-open-lightbox=\"no\">                <div class=\"bwg-item0 \">          <div class=\"bwg-item1 \">            <div class=\"bwg-item2\">              <img decoding=\"async\" class=\"skip-lazy bwg_standart_thumb_img_0 \"                   data-id=\"207\"                   data-width=\"180.00\"                   data-height=\"120.00\"                   data-src=\"http:\/\/neostudio.be\/wp-content\/uploads\/photo-gallery\/imported_from_media_libray\/thumb\/pexels-amar-19761840-scaled.jpg?bwg=1741541002\"                   src=\"http:\/\/neostudio.be\/wp-content\/uploads\/photo-gallery\/imported_from_media_libray\/thumb\/pexels-amar-19761840-scaled.jpg?bwg=1741541002\"                   alt=\"pexels-amar-19761840\"                   title=\"pexels-amar-19761840\" \/>            <\/div>            <div class=\"\">                                                      <\/div>          <\/div>        <\/div>                        <\/a>              <\/div>            <div class=\"bwg-item\">        <a class=\"bwg-a  bwg_lightbox\"  data-image-id=\"206\" href=\"http:\/\/neostudio.be\/wp-content\/uploads\/photo-gallery\/imported_from_media_libray\/images-1.jpeg?bwg=1741541002\" data-elementor-open-lightbox=\"no\">                <div class=\"bwg-item0 \">          <div class=\"bwg-item1 \">            <div class=\"bwg-item2\">              <img decoding=\"async\" class=\"skip-lazy bwg_standart_thumb_img_0 \"                   data-id=\"206\"                   data-width=\"180.00\"                   data-height=\"120.00\"                   data-src=\"http:\/\/neostudio.be\/wp-content\/uploads\/photo-gallery\/imported_from_media_libray\/thumb\/images-1.jpeg?bwg=1741541002\"                   src=\"http:\/\/neostudio.be\/wp-content\/uploads\/photo-gallery\/imported_from_media_libray\/thumb\/images-1.jpeg?bwg=1741541002\"                   alt=\"images (1)\"                   title=\"images (1)\" \/>            <\/div>            <div class=\"\">                                                      <\/div>          <\/div>        <\/div>                        <\/a>              <\/div>            <div class=\"bwg-item\">        <a class=\"bwg-a  bwg_lightbox\"  data-image-id=\"205\" href=\"http:\/\/neostudio.be\/wp-content\/uploads\/photo-gallery\/imported_from_media_libray\/telechargement.jpeg?bwg=1741540966\" data-elementor-open-lightbox=\"no\">                <div class=\"bwg-item0 \">          <div class=\"bwg-item1 \">            <div class=\"bwg-item2\">              <img decoding=\"async\" class=\"skip-lazy bwg_standart_thumb_img_0 \"                   data-id=\"205\"                   data-width=\"180.00\"                   data-height=\"120.00\"                   data-src=\"http:\/\/neostudio.be\/wp-content\/uploads\/photo-gallery\/imported_from_media_libray\/thumb\/telechargement.jpeg?bwg=1741540966\"                   src=\"http:\/\/neostudio.be\/wp-content\/uploads\/photo-gallery\/imported_from_media_libray\/thumb\/telechargement.jpeg?bwg=1741540966\"                   alt=\"t\u00e9l\u00e9chargement\"                   title=\"t\u00e9l\u00e9chargement\" \/>            <\/div>            <div class=\"\">                                                      <\/div>          <\/div>        <\/div>                        <\/a>              <\/div>            <div class=\"bwg-item\">        <a class=\"bwg-a  bwg_lightbox\"  data-image-id=\"204\" href=\"http:\/\/neostudio.be\/wp-content\/uploads\/photo-gallery\/imported_from_media_libray\/images-2.jpeg?bwg=1741540870\" data-elementor-open-lightbox=\"no\">                <div class=\"bwg-item0 \">          <div class=\"bwg-item1 \">            <div class=\"bwg-item2\">              <img decoding=\"async\" class=\"skip-lazy bwg_standart_thumb_img_0 \"                   data-id=\"204\"                   data-width=\"180.00\"                   data-height=\"120.00\"                   data-src=\"http:\/\/neostudio.be\/wp-content\/uploads\/photo-gallery\/imported_from_media_libray\/thumb\/images-2.jpeg?bwg=1741540870\"                   src=\"http:\/\/neostudio.be\/wp-content\/uploads\/photo-gallery\/imported_from_media_libray\/thumb\/images-2.jpeg?bwg=1741540870\"                   alt=\"images (2)\"                   title=\"images (2)\" \/>            <\/div>            <div class=\"\">                                                      <\/div>          <\/div>        <\/div>                        <\/a>              <\/div>            <div class=\"bwg-item\">        <a class=\"bwg-a  bwg_lightbox\"  data-image-id=\"203\" href=\"http:\/\/neostudio.be\/wp-content\/uploads\/photo-gallery\/imported_from_media_libray\/fondverttournagevidostrasbourgLeGrubJPG_6332eb34b3587.jpeg?bwg=1741540870\" data-elementor-open-lightbox=\"no\">                <div class=\"bwg-item0 \">          <div class=\"bwg-item1 \">            <div class=\"bwg-item2\">              <img decoding=\"async\" class=\"skip-lazy bwg_standart_thumb_img_0 \"                   data-id=\"203\"                   data-width=\"160.00\"                   data-height=\"120.00\"                   data-src=\"http:\/\/neostudio.be\/wp-content\/uploads\/photo-gallery\/imported_from_media_libray\/thumb\/fondverttournagevidostrasbourgLeGrubJPG_6332eb34b3587.jpeg?bwg=1741540870\"                   src=\"http:\/\/neostudio.be\/wp-content\/uploads\/photo-gallery\/imported_from_media_libray\/thumb\/fondverttournagevidostrasbourgLeGrubJPG_6332eb34b3587.jpeg?bwg=1741540870\"                   alt=\"fondverttournagevidostrasbourgLeGrubJPG_6332eb34b3587\"                   title=\"fondverttournagevidostrasbourgLeGrubJPG_6332eb34b3587\" \/>            <\/div>            <div class=\"\">                                                      <\/div>          <\/div>        <\/div>                        <\/a>              <\/div>          <\/div>    <style>      \/*pagination styles*\/      #bwg_container1_0 #bwg_container2_0 .tablenav-pages_0 {\t\t\t\ttext-align: center;\t\t\t\tfont-size: 12px;\t\t\t\tfont-family: segoe ui;\t\t\t\tfont-weight: bold;\t\t\t\tcolor: #666666;\t\t\t\tmargin: 6px 0 4px;\t\t\t\tdisplay: block;      }      @media only screen and (max-width : 320px) {      #bwg_container1_0 #bwg_container2_0 .displaying-num_0 {     \t display: none;      }      }      #bwg_container1_0 #bwg_container2_0 .displaying-num_0 {\t\t\t\tfont-size: 12px;\t\t\t\tfont-family: segoe ui;\t\t\t\tfont-weight: bold;\t\t\t\tcolor: #666666;\t\t\t\tmargin-right: 10px;\t\t\t\tvertical-align: middle;      }      #bwg_container1_0 #bwg_container2_0 .paging-input_0 {\t\t\t\tfont-size: 12px;\t\t\t\tfont-family: segoe ui;\t\t\t\tfont-weight: bold;\t\t\t\tcolor: #666666;\t\t\t\tvertical-align: middle;      }      #bwg_container1_0 #bwg_container2_0 .tablenav-pages_0 a.disabled,      #bwg_container1_0 #bwg_container2_0 .tablenav-pages_0 a.disabled:hover,      #bwg_container1_0 #bwg_container2_0 .tablenav-pages_0 a.disabled:focus,\t\t\t#bwg_container1_0 #bwg_container2_0 .tablenav-pages_0 input.bwg_current_page {\t\t\t\tcursor: default;\t\t\t\tcolor: rgba(102, 102, 102, 0.5);      }      #bwg_container1_0 #bwg_container2_0 .tablenav-pages_0 a,      #bwg_container1_0 #bwg_container2_0 .tablenav-pages_0 input.bwg_current_page {\t\t\t\tcursor: pointer;\t\t\t\ttext-align: center;\t\t\t\tfont-size: 12px;\t\t\t\tfont-family: segoe ui;\t\t\t\tfont-weight: bold;\t\t\t\tcolor: #666666;\t\t\t\ttext-decoration: none;\t\t\t\tpadding: 3px 6px;\t\t\t\tmargin: 0;\t\t\t\tborder-radius: 0;\t\t\t\tborder-style: solid;\t\t\t\tborder-width: 1px;\t\t\t\tborder-color: #E3E3E3;\t\t\t\t\t\t\t\tbackground-color: rgba(255, 255, 255, 1.00);\t\t\t\tbox-shadow: 0;\t\t\t\ttransition: all 0.3s ease 0s;-webkit-transition: all 0.3s ease 0s;      }      <\/style>      <span class=\"bwg_nav_cont_0\">              <div class=\"tablenav-pages_0\">                  <\/div>                <input type=\"hidden\" id=\"page_number_0\" name=\"page_number_0\" value=\"1\" \/>      <script type=\"text\/javascript\">        if( jQuery('.bwg_nav_cont_0').length > 1 ) {          jQuery('.bwg_nav_cont_0').first().remove()        }        function spider_page_0(cur, x, y, load_more) {          if (typeof load_more == \"undefined\") {            var load_more = false;          }          if (jQuery(cur).hasClass('disabled')) {            return false;          }          var items_county_0 = 1;          switch (y) {            case 1:              if (x >= items_county_0) {                document.getElementById('page_number_0').value = items_county_0;              }              else {                document.getElementById('page_number_0').value = x + 1;              }              break;            case 2:              document.getElementById('page_number_0').value = items_county_0;              break;            case -1:              if (x == 1) {                document.getElementById('page_number_0').value = 1;              }              else {                document.getElementById('page_number_0').value = x - 1;              }              break;            case -2:              document.getElementById('page_number_0').value = 1;              break;\t\t\t\t\t\tcase 0:              document.getElementById('page_number_0').value = x;              break;            default:              document.getElementById('page_number_0').value = 1;          }          bwg_ajax('gal_front_form_0', '0', 'bwg_thumbnails_0', '0', '', 'gallery', 0, '', '', load_more, '', 1);        }                    jQuery('.first-page-0').on('click', function () {              spider_page_0(this, 1, -2, 'numeric');              return false;            });            jQuery('.prev-page-0').on('click', function () {              spider_page_0(this, 1, -1, 'numeric');              return false;            });            jQuery('.next-page-0').on('click', function () {              spider_page_0(this, 1, 1, 'numeric');              return false;            });            jQuery('.last-page-0').on('click', function () {              spider_page_0(this, 1, 2, 'numeric');              return false;            });        \t\t\t\t\/* Change page on input enter. *\/        function bwg_change_page_0( e, that ) {          if (  e.key == 'Enter' ) {            var to_page = parseInt(jQuery(that).val());            var pages_count = jQuery(that).parents(\".pagination-links\").data(\"pages-count\");            var current_url_param = jQuery(that).attr('data-url-info');            if (to_page > pages_count) {              to_page = 1;            }\t \t\t\t\t\t\t\t\t\t\t\t\tspider_page_0(this, to_page, 0, 'numeric');\t\t\t\t\t\t\treturn false;\t\t\t\t\t\t          }          return true;        }        jQuery('.bwg_load_btn_0').on('click', function () {            spider_page_0(this, 1, 1, true);            return false;        });      <\/script>      <\/span>                <\/div>        <\/form>        <style>          #bwg_container1_0 #bwg_container2_0 #spider_popup_overlay_0 {          background-color: #000000;          opacity: 0.70;          }          <\/style>        <div id=\"bwg_spider_popup_loading_0\" class=\"bwg_spider_popup_loading\"><\/div>        <div id=\"spider_popup_overlay_0\" class=\"spider_popup_overlay\" onclick=\"spider_destroypopup(1000)\"><\/div>        <input type=\"hidden\" id=\"bwg_random_seed_0\" value=\"2095859707\">                <\/div>    <\/div>    <script>      if (document.readyState === 'complete') {        if( typeof bwg_main_ready == 'function' ) {          if ( jQuery(\"#bwg_container1_0\").height() ) {            bwg_main_ready(jQuery(\"#bwg_container1_0\"));          }        }      } else {        document.addEventListener('DOMContentLoaded', function() {          if( typeof bwg_main_ready == 'function' ) {            if ( jQuery(\"#bwg_container1_0\").height() ) {             bwg_main_ready(jQuery(\"#bwg_container1_0\"));            }          }        });      }    <\/script>    \n","protected":false},"excerpt":{"rendered":"<p>Bruxelles Saint-Gilles . Arri\u00e8re maison avec cour (donc isol\u00e9 et tranquille) . Studio parfait (et \u00e9quip\u00e9 compl\u00e8tement) pour enregistrer vos podcasts, speaks et vlogs en toute s\u00e9r\u00e9nit\u00e9. Internet en fibre optique. En mode studio podcast \u00ab\u00a0classique\u00a0\u00bb (table , fauteuil , micro , Compact Podcast Mixer, Audio Interface and Recorder ) et\/ou avec l&rsquo;utilisation du fond &hellip; <a href=\"http:\/\/neostudio.be\/?page_id=1243\" class=\"more-link\">Continuer la lecture de <span class=\"screen-reader-text\">Studio Podcast &amp; Vlog<\/span>  <span class=\"meta-nav\">&rarr;<\/span><\/a><\/p>\n","protected":false},"author":1,"featured_media":0,"parent":0,"menu_order":2,"comment_status":"closed","ping_status":"closed","template":"","meta":{"footnotes":""},"class_list":["post-1243","page","type-page","status-publish","hentry"],"yoast_head":"<!-- This site is optimized with the Yoast SEO plugin v26.9 - https:\/\/yoast.com\/product\/yoast-seo-wordpress\/ -->\n<title>Studio Podcast &amp; Vlog - NeoStudio.be<\/title>\n<meta name=\"description\" content=\"Green key chromakey cyclorama studio fond vert bruxelles video photographie shooting casting\" \/>\n<meta name=\"robots\" content=\"index, follow, max-snippet:-1, max-image-preview:large, max-video-preview:-1\" \/>\n<link rel=\"canonical\" href=\"http:\/\/neostudio.be\/?page_id=1243\" \/>\n<meta property=\"og:locale\" content=\"fr_FR\" \/>\n<meta property=\"og:type\" content=\"article\" \/>\n<meta property=\"og:title\" content=\"Studio Podcast &amp; Vlog - NeoStudio.be\" \/>\n<meta property=\"og:description\" content=\"Green key chromakey cyclorama studio fond vert bruxelles video photographie shooting casting\" \/>\n<meta property=\"og:url\" content=\"http:\/\/neostudio.be\/?page_id=1243\" \/>\n<meta property=\"og:site_name\" content=\"NeoStudio.be\" \/>\n<meta property=\"article:publisher\" content=\"https:\/\/www.facebook.com\/NeoStudioBxl\/\" \/>\n<meta property=\"article:modified_time\" content=\"2025-09-01T19:35:27+00:00\" \/>\n<meta property=\"og:image\" content=\"http:\/\/neostudio.be\/wp-content\/uploads\/2018\/03\/cropped-FaviLogo.png\" \/>\n\t<meta property=\"og:image:width\" content=\"512\" \/>\n\t<meta property=\"og:image:height\" content=\"512\" \/>\n\t<meta property=\"og:image:type\" content=\"image\/png\" \/>\n<meta name=\"twitter:label1\" content=\"Dur\u00e9e de lecture estim\u00e9e\" \/>\n\t<meta name=\"twitter:data1\" content=\"1 minute\" \/>\n<script type=\"application\/ld+json\" class=\"yoast-schema-graph\">{\"@context\":\"https:\/\/schema.org\",\"@graph\":[{\"@type\":\"WebPage\",\"@id\":\"http:\/\/neostudio.be\/?page_id=1243\",\"url\":\"http:\/\/neostudio.be\/?page_id=1243\",\"name\":\"Studio Podcast &amp; Vlog - NeoStudio.be\",\"isPartOf\":{\"@id\":\"http:\/\/neostudio.be\/#website\"},\"datePublished\":\"2025-03-09T08:06:02+00:00\",\"dateModified\":\"2025-09-01T19:35:27+00:00\",\"description\":\"Green key chromakey cyclorama studio fond vert bruxelles video photographie shooting casting\",\"breadcrumb\":{\"@id\":\"http:\/\/neostudio.be\/?page_id=1243#breadcrumb\"},\"inLanguage\":\"fr-FR\",\"potentialAction\":[{\"@type\":\"ReadAction\",\"target\":[\"http:\/\/neostudio.be\/?page_id=1243\"]}]},{\"@type\":\"BreadcrumbList\",\"@id\":\"http:\/\/neostudio.be\/?page_id=1243#breadcrumb\",\"itemListElement\":[{\"@type\":\"ListItem\",\"position\":1,\"name\":\"Accueil\",\"item\":\"http:\/\/neostudio.be\/\"},{\"@type\":\"ListItem\",\"position\":2,\"name\":\"Studio Podcast &amp; Vlog\"}]},{\"@type\":\"WebSite\",\"@id\":\"http:\/\/neostudio.be\/#website\",\"url\":\"http:\/\/neostudio.be\/\",\"name\":\"NeoStudio.be\",\"description\":\"Studio LE MOINS CHER  de Bruxelles\",\"publisher\":{\"@id\":\"http:\/\/neostudio.be\/#organization\"},\"potentialAction\":[{\"@type\":\"SearchAction\",\"target\":{\"@type\":\"EntryPoint\",\"urlTemplate\":\"http:\/\/neostudio.be\/?s={search_term_string}\"},\"query-input\":{\"@type\":\"PropertyValueSpecification\",\"valueRequired\":true,\"valueName\":\"search_term_string\"}}],\"inLanguage\":\"fr-FR\"},{\"@type\":\"Organization\",\"@id\":\"http:\/\/neostudio.be\/#organization\",\"name\":\"Neostudio\",\"url\":\"http:\/\/neostudio.be\/\",\"logo\":{\"@type\":\"ImageObject\",\"inLanguage\":\"fr-FR\",\"@id\":\"http:\/\/neostudio.be\/#\/schema\/logo\/image\/\",\"url\":\"https:\/\/neostudio.be\/wp-content\/uploads\/2018\/03\/cropped-FaviLogo.png\",\"contentUrl\":\"https:\/\/neostudio.be\/wp-content\/uploads\/2018\/03\/cropped-FaviLogo.png\",\"width\":512,\"height\":512,\"caption\":\"Neostudio\"},\"image\":{\"@id\":\"http:\/\/neostudio.be\/#\/schema\/logo\/image\/\"},\"sameAs\":[\"https:\/\/www.facebook.com\/NeoStudioBxl\/\",\"https:\/\/www.linkedin.com\/company\/15214713\"]}]}<\/script>\n<!-- \/ Yoast SEO plugin. -->","yoast_head_json":{"title":"Studio Podcast &amp; Vlog - NeoStudio.be","description":"Green key chromakey cyclorama studio fond vert bruxelles video photographie shooting casting","robots":{"index":"index","follow":"follow","max-snippet":"max-snippet:-1","max-image-preview":"max-image-preview:large","max-video-preview":"max-video-preview:-1"},"canonical":"http:\/\/neostudio.be\/?page_id=1243","og_locale":"fr_FR","og_type":"article","og_title":"Studio Podcast &amp; Vlog - NeoStudio.be","og_description":"Green key chromakey cyclorama studio fond vert bruxelles video photographie shooting casting","og_url":"http:\/\/neostudio.be\/?page_id=1243","og_site_name":"NeoStudio.be","article_publisher":"https:\/\/www.facebook.com\/NeoStudioBxl\/","article_modified_time":"2025-09-01T19:35:27+00:00","og_image":[{"width":512,"height":512,"url":"http:\/\/neostudio.be\/wp-content\/uploads\/2018\/03\/cropped-FaviLogo.png","type":"image\/png"}],"twitter_misc":{"Dur\u00e9e de lecture estim\u00e9e":"1 minute"},"schema":{"@context":"https:\/\/schema.org","@graph":[{"@type":"WebPage","@id":"http:\/\/neostudio.be\/?page_id=1243","url":"http:\/\/neostudio.be\/?page_id=1243","name":"Studio Podcast &amp; Vlog - NeoStudio.be","isPartOf":{"@id":"http:\/\/neostudio.be\/#website"},"datePublished":"2025-03-09T08:06:02+00:00","dateModified":"2025-09-01T19:35:27+00:00","description":"Green key chromakey cyclorama studio fond vert bruxelles video photographie shooting casting","breadcrumb":{"@id":"http:\/\/neostudio.be\/?page_id=1243#breadcrumb"},"inLanguage":"fr-FR","potentialAction":[{"@type":"ReadAction","target":["http:\/\/neostudio.be\/?page_id=1243"]}]},{"@type":"BreadcrumbList","@id":"http:\/\/neostudio.be\/?page_id=1243#breadcrumb","itemListElement":[{"@type":"ListItem","position":1,"name":"Accueil","item":"http:\/\/neostudio.be\/"},{"@type":"ListItem","position":2,"name":"Studio Podcast &amp; Vlog"}]},{"@type":"WebSite","@id":"http:\/\/neostudio.be\/#website","url":"http:\/\/neostudio.be\/","name":"NeoStudio.be","description":"Studio LE MOINS CHER  de Bruxelles","publisher":{"@id":"http:\/\/neostudio.be\/#organization"},"potentialAction":[{"@type":"SearchAction","target":{"@type":"EntryPoint","urlTemplate":"http:\/\/neostudio.be\/?s={search_term_string}"},"query-input":{"@type":"PropertyValueSpecification","valueRequired":true,"valueName":"search_term_string"}}],"inLanguage":"fr-FR"},{"@type":"Organization","@id":"http:\/\/neostudio.be\/#organization","name":"Neostudio","url":"http:\/\/neostudio.be\/","logo":{"@type":"ImageObject","inLanguage":"fr-FR","@id":"http:\/\/neostudio.be\/#\/schema\/logo\/image\/","url":"https:\/\/neostudio.be\/wp-content\/uploads\/2018\/03\/cropped-FaviLogo.png","contentUrl":"https:\/\/neostudio.be\/wp-content\/uploads\/2018\/03\/cropped-FaviLogo.png","width":512,"height":512,"caption":"Neostudio"},"image":{"@id":"http:\/\/neostudio.be\/#\/schema\/logo\/image\/"},"sameAs":["https:\/\/www.facebook.com\/NeoStudioBxl\/","https:\/\/www.linkedin.com\/company\/15214713"]}]}},"_links":{"self":[{"href":"http:\/\/neostudio.be\/index.php?rest_route=\/wp\/v2\/pages\/1243","targetHints":{"allow":["GET"]}}],"collection":[{"href":"http:\/\/neostudio.be\/index.php?rest_route=\/wp\/v2\/pages"}],"about":[{"href":"http:\/\/neostudio.be\/index.php?rest_route=\/wp\/v2\/types\/page"}],"author":[{"embeddable":true,"href":"http:\/\/neostudio.be\/index.php?rest_route=\/wp\/v2\/users\/1"}],"replies":[{"embeddable":true,"href":"http:\/\/neostudio.be\/index.php?rest_route=%2Fwp%2Fv2%2Fcomments&post=1243"}],"version-history":[{"count":15,"href":"http:\/\/neostudio.be\/index.php?rest_route=\/wp\/v2\/pages\/1243\/revisions"}],"predecessor-version":[{"id":1274,"href":"http:\/\/neostudio.be\/index.php?rest_route=\/wp\/v2\/pages\/1243\/revisions\/1274"}],"wp:attachment":[{"href":"http:\/\/neostudio.be\/index.php?rest_route=%2Fwp%2Fv2%2Fmedia&parent=1243"}],"curies":[{"name":"wp","href":"https:\/\/api.w.org\/{rel}","templated":true}]}}