{"id":1118,"date":"2023-08-26T11:54:31","date_gmt":"2023-08-26T10:54:31","guid":{"rendered":"http:\/\/neostudio.be\/?page_id=1118"},"modified":"2023-08-26T13:45:12","modified_gmt":"2023-08-26T12:45:12","slug":"location-camera-et-materiels","status":"publish","type":"page","link":"http:\/\/neostudio.be\/?page_id=1118","title":{"rendered":"Location Camera RED komodo et BMPCC"},"content":{"rendered":"<p><a href=\"https:\/\/neostudio.be\/?page_id=359\">NEO PRODUCTION MOVIE<\/a><br \/>\n<a href=\"http:\/\/neostudio.be\/\">NEOSTUDIO FOND VERT&nbsp; GREEN KEY<\/a><br \/>\n<a href=\"http:\/\/neostudio.be\/?page_id=725\">NEO&nbsp; LIVE AND STREAMING<\/a><\/p>\n<p><a href=\"tel:+32476330297\">CALL+32476330297<\/a><\/p>\n<p>Les prix ici sont  indicatif  &#8211;  Je peux faire un pack sur mesure selon  votre besoin , la dur\u00e9e et le contenu du pack. la liste de mat\u00e9riel est aussi plus grande &#8211; contacter moi. <i><\/i><\/p>\n<p><i>Liste Mat\u00e9riels ( non-exhaustive) :<\/i><\/p>\n<p><i><iframe loading=\"lazy\" style=\"border: none; overflow: hidden;\" src=\"https:\/\/www.gearbooker.com\/profile\/embed\/20b4b131-da47-4912-989f-6de1273a3d81\" width=\"100%\" height=\"32\" frameborder=\"0\" scrolling=\"no\"><\/iframe><\/i><\/p>\n<p><i>\u2013 RED KOMODO 6K PACK OU Body<br \/>\n\u2013 BLACKMAGIC pocket 4k ou 6K G2&nbsp; (bmpcc 4k ) disponible Egalement avec optique et EVF<br \/>\n&#8211; BLACKMAGIC VIDEO ASSIST 5 12G<br \/>\n&#8211; Optiques:<\/p>\n<ul>\n<li style=\"text-align: left;\"><em>&nbsp; SIGM Art 18-35 EF pour KOMODO C70<\/em><\/li>\n<li style=\"text-align: left;\"><em>Meike 10 mm T2.2 RF pour KOMODO C70<\/em><\/li>\n<li style=\"text-align: left;\"><em>EF &#8211; 1 tokina 11-20 DX<\/em><\/li>\n<li style=\"text-align: left;\"><em>MFT &#8211; 1 leica 12-60 2.8-4.0<\/em><\/li>\n<li style=\"text-align: left;\"><em>MFT &#8211; 1 objectif panasonic pancake 14-42mm&nbsp;<\/em><\/li>\n<\/ul>\n<p>&#8211; BLACKMAGIC&nbsp; ATEM MINI ISO EXTREME<br \/>\n&#8211; Stabilisateur&nbsp; DJI RONIN RS2 + FOCUS MOTOR<\/p>\n<p>\u2013 &nbsp;tr\u00e9pied video Monfrotto Professional 546BK et 504HD (fluid head) \u20ac<br \/>\n&#8211; Pied Micro K&amp;M 210-6B Pied de sol avec perche pour Microphone 805 mm Noir<br \/>\n\u2013 Micro seinnheiser HF \u2013 EW 112-P (1 EK 100 G3, r\u00e9cepteur diversity (1 EK 100 G3, r\u00e9cepteu,1 SK 100 G3, \u00e9metteur de poche, 1 ME 2, microphone cravate ).<br \/>\n&#8211; Micro Canon Rode NTG2 ou NTG4<br \/>\n\u2013 ZOOM LIVETRAK L-8 (Mix table)<br \/>\n-Prompteur (avec tablette pilotable en directe par PC)<br \/>\n-Autres accessoires\/El\u00e9ments de costumes\/ mat\u00e9riels sur demande<\/p>\n<p><iframe loading=\"lazy\" src=\"https:\/\/www.gearbooker.com\/profile\/embed\/20b4b131-da47-4912-989f-6de1273a3d81\" style=\"border:none;overflow:hidden\" allowtransparency=\"true\" frameborder=\"0\" scrolling=\"no\" width=\"100%\" height=\"42\"><\/iframe><\/p>\n<p><\/i><i><\/i><i><\/i><\/p>\n","protected":false},"excerpt":{"rendered":"<p>NEO PRODUCTION MOVIE NEOSTUDIO FOND VERT&nbsp; GREEN KEY NEO&nbsp; LIVE AND STREAMING CALL+32476330297 Les prix ici sont indicatif &#8211; Je peux faire un pack sur mesure selon votre besoin , la dur\u00e9e et le contenu du pack. la liste de mat\u00e9riel est aussi plus grande &#8211; contacter moi. Liste Mat\u00e9riels ( non-exhaustive) : \u2013 RED &hellip; <a href=\"http:\/\/neostudio.be\/?page_id=1118\" class=\"more-link\">Continuer la lecture de <span class=\"screen-reader-text\">Location Camera RED komodo et BMPCC<\/span>  <span class=\"meta-nav\">&rarr;<\/span><\/a><\/p>\n","protected":false},"author":1,"featured_media":1231,"parent":0,"menu_order":1,"comment_status":"closed","ping_status":"closed","template":"","meta":{"footnotes":""},"class_list":["post-1118","page","type-page","status-publish","has-post-thumbnail","hentry"],"yoast_head":"<!-- This site is optimized with the Yoast SEO plugin v26.9 - https:\/\/yoast.com\/product\/yoast-seo-wordpress\/ -->\n<title>Location Camera RED komodo et BMPCC - NeoStudio.be<\/title>\n<meta name=\"description\" content=\"Green key chromakey cyclorama studio fond vert bruxelles video photographie shooting casting\" \/>\n<meta name=\"robots\" content=\"index, follow, max-snippet:-1, max-image-preview:large, max-video-preview:-1\" \/>\n<link rel=\"canonical\" href=\"https:\/\/neostudio.be\/?page_id=1118\" \/>\n<meta property=\"og:locale\" content=\"fr_FR\" \/>\n<meta property=\"og:type\" content=\"article\" \/>\n<meta property=\"og:title\" content=\"Location Camera RED komodo et BMPCC - NeoStudio.be\" \/>\n<meta property=\"og:description\" content=\"Green key chromakey cyclorama studio fond vert bruxelles video photographie shooting casting\" \/>\n<meta property=\"og:url\" content=\"https:\/\/neostudio.be\/?page_id=1118\" \/>\n<meta property=\"og:site_name\" content=\"NeoStudio.be\" \/>\n<meta property=\"article:publisher\" content=\"https:\/\/www.facebook.com\/NeoStudioBxl\/\" \/>\n<meta property=\"article:modified_time\" content=\"2023-08-26T12:45:12+00:00\" \/>\n<meta property=\"og:image\" content=\"https:\/\/neostudio.be\/wp-content\/uploads\/2023\/08\/neogood.png\" \/>\n\t<meta property=\"og:image:width\" content=\"600\" \/>\n\t<meta property=\"og:image:height\" content=\"360\" \/>\n\t<meta property=\"og:image:type\" content=\"image\/png\" \/>\n<meta name=\"twitter:label1\" content=\"Dur\u00e9e de lecture estim\u00e9e\" \/>\n\t<meta name=\"twitter:data1\" content=\"1 minute\" \/>\n<script type=\"application\/ld+json\" class=\"yoast-schema-graph\">{\"@context\":\"https:\/\/schema.org\",\"@graph\":[{\"@type\":\"WebPage\",\"@id\":\"https:\/\/neostudio.be\/?page_id=1118\",\"url\":\"https:\/\/neostudio.be\/?page_id=1118\",\"name\":\"Location Camera RED komodo et BMPCC - NeoStudio.be\",\"isPartOf\":{\"@id\":\"http:\/\/neostudio.be\/#website\"},\"primaryImageOfPage\":{\"@id\":\"https:\/\/neostudio.be\/?page_id=1118#primaryimage\"},\"image\":{\"@id\":\"https:\/\/neostudio.be\/?page_id=1118#primaryimage\"},\"thumbnailUrl\":\"http:\/\/neostudio.be\/wp-content\/uploads\/2023\/08\/neogood.png\",\"datePublished\":\"2023-08-26T10:54:31+00:00\",\"dateModified\":\"2023-08-26T12:45:12+00:00\",\"description\":\"Green key chromakey cyclorama studio fond vert bruxelles video photographie shooting casting\",\"breadcrumb\":{\"@id\":\"https:\/\/neostudio.be\/?page_id=1118#breadcrumb\"},\"inLanguage\":\"fr-FR\",\"potentialAction\":[{\"@type\":\"ReadAction\",\"target\":[\"https:\/\/neostudio.be\/?page_id=1118\"]}]},{\"@type\":\"ImageObject\",\"inLanguage\":\"fr-FR\",\"@id\":\"https:\/\/neostudio.be\/?page_id=1118#primaryimage\",\"url\":\"http:\/\/neostudio.be\/wp-content\/uploads\/2023\/08\/neogood.png\",\"contentUrl\":\"http:\/\/neostudio.be\/wp-content\/uploads\/2023\/08\/neogood.png\",\"width\":600,\"height\":360},{\"@type\":\"BreadcrumbList\",\"@id\":\"https:\/\/neostudio.be\/?page_id=1118#breadcrumb\",\"itemListElement\":[{\"@type\":\"ListItem\",\"position\":1,\"name\":\"Accueil\",\"item\":\"http:\/\/neostudio.be\/\"},{\"@type\":\"ListItem\",\"position\":2,\"name\":\"Location Camera RED komodo et BMPCC\"}]},{\"@type\":\"WebSite\",\"@id\":\"http:\/\/neostudio.be\/#website\",\"url\":\"http:\/\/neostudio.be\/\",\"name\":\"NeoStudio.be\",\"description\":\"Studio LE MOINS CHER  de Bruxelles\",\"publisher\":{\"@id\":\"http:\/\/neostudio.be\/#organization\"},\"potentialAction\":[{\"@type\":\"SearchAction\",\"target\":{\"@type\":\"EntryPoint\",\"urlTemplate\":\"http:\/\/neostudio.be\/?s={search_term_string}\"},\"query-input\":{\"@type\":\"PropertyValueSpecification\",\"valueRequired\":true,\"valueName\":\"search_term_string\"}}],\"inLanguage\":\"fr-FR\"},{\"@type\":\"Organization\",\"@id\":\"http:\/\/neostudio.be\/#organization\",\"name\":\"Neostudio\",\"url\":\"http:\/\/neostudio.be\/\",\"logo\":{\"@type\":\"ImageObject\",\"inLanguage\":\"fr-FR\",\"@id\":\"http:\/\/neostudio.be\/#\/schema\/logo\/image\/\",\"url\":\"https:\/\/neostudio.be\/wp-content\/uploads\/2018\/03\/cropped-FaviLogo.png\",\"contentUrl\":\"https:\/\/neostudio.be\/wp-content\/uploads\/2018\/03\/cropped-FaviLogo.png\",\"width\":512,\"height\":512,\"caption\":\"Neostudio\"},\"image\":{\"@id\":\"http:\/\/neostudio.be\/#\/schema\/logo\/image\/\"},\"sameAs\":[\"https:\/\/www.facebook.com\/NeoStudioBxl\/\",\"https:\/\/www.linkedin.com\/company\/15214713\"]}]}<\/script>\n<!-- \/ Yoast SEO plugin. -->","yoast_head_json":{"title":"Location Camera RED komodo et BMPCC - NeoStudio.be","description":"Green key chromakey cyclorama studio fond vert bruxelles video photographie shooting casting","robots":{"index":"index","follow":"follow","max-snippet":"max-snippet:-1","max-image-preview":"max-image-preview:large","max-video-preview":"max-video-preview:-1"},"canonical":"https:\/\/neostudio.be\/?page_id=1118","og_locale":"fr_FR","og_type":"article","og_title":"Location Camera RED komodo et BMPCC - NeoStudio.be","og_description":"Green key chromakey cyclorama studio fond vert bruxelles video photographie shooting casting","og_url":"https:\/\/neostudio.be\/?page_id=1118","og_site_name":"NeoStudio.be","article_publisher":"https:\/\/www.facebook.com\/NeoStudioBxl\/","article_modified_time":"2023-08-26T12:45:12+00:00","og_image":[{"width":600,"height":360,"url":"https:\/\/neostudio.be\/wp-content\/uploads\/2023\/08\/neogood.png","type":"image\/png"}],"twitter_misc":{"Dur\u00e9e de lecture estim\u00e9e":"1 minute"},"schema":{"@context":"https:\/\/schema.org","@graph":[{"@type":"WebPage","@id":"https:\/\/neostudio.be\/?page_id=1118","url":"https:\/\/neostudio.be\/?page_id=1118","name":"Location Camera RED komodo et BMPCC - NeoStudio.be","isPartOf":{"@id":"http:\/\/neostudio.be\/#website"},"primaryImageOfPage":{"@id":"https:\/\/neostudio.be\/?page_id=1118#primaryimage"},"image":{"@id":"https:\/\/neostudio.be\/?page_id=1118#primaryimage"},"thumbnailUrl":"http:\/\/neostudio.be\/wp-content\/uploads\/2023\/08\/neogood.png","datePublished":"2023-08-26T10:54:31+00:00","dateModified":"2023-08-26T12:45:12+00:00","description":"Green key chromakey cyclorama studio fond vert bruxelles video photographie shooting casting","breadcrumb":{"@id":"https:\/\/neostudio.be\/?page_id=1118#breadcrumb"},"inLanguage":"fr-FR","potentialAction":[{"@type":"ReadAction","target":["https:\/\/neostudio.be\/?page_id=1118"]}]},{"@type":"ImageObject","inLanguage":"fr-FR","@id":"https:\/\/neostudio.be\/?page_id=1118#primaryimage","url":"http:\/\/neostudio.be\/wp-content\/uploads\/2023\/08\/neogood.png","contentUrl":"http:\/\/neostudio.be\/wp-content\/uploads\/2023\/08\/neogood.png","width":600,"height":360},{"@type":"BreadcrumbList","@id":"https:\/\/neostudio.be\/?page_id=1118#breadcrumb","itemListElement":[{"@type":"ListItem","position":1,"name":"Accueil","item":"http:\/\/neostudio.be\/"},{"@type":"ListItem","position":2,"name":"Location Camera RED komodo et BMPCC"}]},{"@type":"WebSite","@id":"http:\/\/neostudio.be\/#website","url":"http:\/\/neostudio.be\/","name":"NeoStudio.be","description":"Studio LE MOINS CHER  de Bruxelles","publisher":{"@id":"http:\/\/neostudio.be\/#organization"},"potentialAction":[{"@type":"SearchAction","target":{"@type":"EntryPoint","urlTemplate":"http:\/\/neostudio.be\/?s={search_term_string}"},"query-input":{"@type":"PropertyValueSpecification","valueRequired":true,"valueName":"search_term_string"}}],"inLanguage":"fr-FR"},{"@type":"Organization","@id":"http:\/\/neostudio.be\/#organization","name":"Neostudio","url":"http:\/\/neostudio.be\/","logo":{"@type":"ImageObject","inLanguage":"fr-FR","@id":"http:\/\/neostudio.be\/#\/schema\/logo\/image\/","url":"https:\/\/neostudio.be\/wp-content\/uploads\/2018\/03\/cropped-FaviLogo.png","contentUrl":"https:\/\/neostudio.be\/wp-content\/uploads\/2018\/03\/cropped-FaviLogo.png","width":512,"height":512,"caption":"Neostudio"},"image":{"@id":"http:\/\/neostudio.be\/#\/schema\/logo\/image\/"},"sameAs":["https:\/\/www.facebook.com\/NeoStudioBxl\/","https:\/\/www.linkedin.com\/company\/15214713"]}]}},"_links":{"self":[{"href":"http:\/\/neostudio.be\/index.php?rest_route=\/wp\/v2\/pages\/1118","targetHints":{"allow":["GET"]}}],"collection":[{"href":"http:\/\/neostudio.be\/index.php?rest_route=\/wp\/v2\/pages"}],"about":[{"href":"http:\/\/neostudio.be\/index.php?rest_route=\/wp\/v2\/types\/page"}],"author":[{"embeddable":true,"href":"http:\/\/neostudio.be\/index.php?rest_route=\/wp\/v2\/users\/1"}],"replies":[{"embeddable":true,"href":"http:\/\/neostudio.be\/index.php?rest_route=%2Fwp%2Fv2%2Fcomments&post=1118"}],"version-history":[{"count":20,"href":"http:\/\/neostudio.be\/index.php?rest_route=\/wp\/v2\/pages\/1118\/revisions"}],"predecessor-version":[{"id":1232,"href":"http:\/\/neostudio.be\/index.php?rest_route=\/wp\/v2\/pages\/1118\/revisions\/1232"}],"wp:featuredmedia":[{"embeddable":true,"href":"http:\/\/neostudio.be\/index.php?rest_route=\/wp\/v2\/media\/1231"}],"wp:attachment":[{"href":"http:\/\/neostudio.be\/index.php?rest_route=%2Fwp%2Fv2%2Fmedia&parent=1118"}],"curies":[{"name":"wp","href":"https:\/\/api.w.org\/{rel}","templated":true}]}}